{"id":1365,"date":"2024-07-29T19:26:53","date_gmt":"2024-07-29T12:26:53","guid":{"rendered":"https:\/\/congchunghoankiem.com.vn\/?page_id=1365"},"modified":"2024-07-29T19:36:59","modified_gmt":"2024-07-29T12:36:59","slug":"tuyen-dung","status":"publish","type":"page","link":"https:\/\/congchunghoankiem.com.vn\/?page_id=1365","title":{"rendered":"Tuy\u1ec3n d\u1ee5ng"},"content":{"rendered":"\t\t<div data-elementor-type=\"wp-page\" data-elementor-id=\"1365\" class=\"elementor elementor-1365\">\n\t\t\t\t\t\t\t\t\t<section class=\"elementor-section elementor-top-section elementor-element elementor-element-bb74f52 elementor-section-full_width elementor-section-stretched elementor-section-height-default elementor-section-height-default\" data-id=\"bb74f52\" data-element_type=\"section\" data-settings=\"{&quot;background_background&quot;:&quot;classic&quot;,&quot;stretch_section&quot;:&quot;section-stretched&quot;}\">\n\t\t\t\t\t\t<div class=\"elementor-container elementor-column-gap-default\">\n\t\t\t\t\t<div class=\"elementor-column elementor-col-100 elementor-top-column elementor-element elementor-element-9875586\" data-id=\"9875586\" data-element_type=\"column\">\n\t\t\t<div class=\"elementor-widget-wrap elementor-element-populated\">\n\t\t\t\t\t\t\t\t<div class=\"elementor-element elementor-element-3974543 elementor-widget__width-inherit elementor-widget elementor-widget-image\" data-id=\"3974543\" data-element_type=\"widget\" data-widget_type=\"image.default\">\n\t\t\t\t<div class=\"elementor-widget-container\">\n\t\t\t<style>\/*! elementor - v3.6.3 - 12-04-2022 *\/\n.elementor-widget-image{text-align:center}.elementor-widget-image a{display:inline-block}.elementor-widget-image a img[src$=\".svg\"]{width:48px}.elementor-widget-image img{vertical-align:middle;display:inline-block}<\/style>\t\t\t\t\t\t\t\t\t\t\t\t<img loading=\"lazy\" decoding=\"async\" width=\"1920\" height=\"356\" src=\"https:\/\/congchunghoankiem.com.vn\/wp-content\/uploads\/2024\/07\/VPCC_Page_Banner_TD.jpg\" class=\"attachment-full size-full\" alt=\"\" srcset=\"https:\/\/congchunghoankiem.com.vn\/wp-content\/uploads\/2024\/07\/VPCC_Page_Banner_TD.jpg 1920w, https:\/\/congchunghoankiem.com.vn\/wp-content\/uploads\/2024\/07\/VPCC_Page_Banner_TD-300x56.jpg 300w, https:\/\/congchunghoankiem.com.vn\/wp-content\/uploads\/2024\/07\/VPCC_Page_Banner_TD-1024x190.jpg 1024w, https:\/\/congchunghoankiem.com.vn\/wp-content\/uploads\/2024\/07\/VPCC_Page_Banner_TD-768x142.jpg 768w, https:\/\/congchunghoankiem.com.vn\/wp-content\/uploads\/2024\/07\/VPCC_Page_Banner_TD-1536x285.jpg 1536w, https:\/\/congchunghoankiem.com.vn\/wp-content\/uploads\/2024\/07\/VPCC_Page_Banner_TD-260x48.jpg 260w, https:\/\/congchunghoankiem.com.vn\/wp-content\/uploads\/2024\/07\/VPCC_Page_Banner_TD-50x9.jpg 50w, https:\/\/congchunghoankiem.com.vn\/wp-content\/uploads\/2024\/07\/VPCC_Page_Banner_TD-150x28.jpg 150w\" sizes=\"(max-width: 1920px) 100vw, 1920px\" \/>\t\t\t\t\t\t\t\t\t\t\t\t\t\t\t<\/div>\n\t\t\t\t<\/div>\n\t\t\t\t\t<\/div>\n\t\t<\/div>\n\t\t\t\t\t\t\t<\/div>\n\t\t<\/section>\n\t\t\t\t<section class=\"elementor-section elementor-top-section elementor-element elementor-element-cef76c3 elementor-section-boxed elementor-section-height-default elementor-section-height-default\" data-id=\"cef76c3\" data-element_type=\"section\">\n\t\t\t\t\t\t<div class=\"elementor-container elementor-column-gap-default\">\n\t\t\t\t\t<div class=\"elementor-column elementor-col-100 elementor-top-column elementor-element elementor-element-d9432d5\" data-id=\"d9432d5\" data-element_type=\"column\">\n\t\t\t<div class=\"elementor-widget-wrap elementor-element-populated\">\n\t\t\t\t\t\t\t\t<div class=\"elementor-element elementor-element-774d829 elementor-widget elementor-widget-heading\" data-id=\"774d829\" data-element_type=\"widget\" data-widget_type=\"heading.default\">\n\t\t\t\t<div class=\"elementor-widget-container\">\n\t\t\t<style>\/*! elementor - v3.6.3 - 12-04-2022 *\/\n.elementor-heading-title{padding:0;margin:0;line-height:1}.elementor-widget-heading .elementor-heading-title[class*=elementor-size-]>a{color:inherit;font-size:inherit;line-height:inherit}.elementor-widget-heading .elementor-heading-title.elementor-size-small{font-size:15px}.elementor-widget-heading .elementor-heading-title.elementor-size-medium{font-size:19px}.elementor-widget-heading .elementor-heading-title.elementor-size-large{font-size:29px}.elementor-widget-heading .elementor-heading-title.elementor-size-xl{font-size:39px}.elementor-widget-heading .elementor-heading-title.elementor-size-xxl{font-size:59px}<\/style><h2 class=\"elementor-heading-title elementor-size-default\">TUY\u1ec2N D\u1ee4NG<\/h2>\t\t<\/div>\n\t\t\t\t<\/div>\n\t\t\t\t\t<\/div>\n\t\t<\/div>\n\t\t\t\t\t\t\t<\/div>\n\t\t<\/section>\n\t\t\t\t<section class=\"elementor-section elementor-top-section elementor-element elementor-element-708d876 elementor-section-boxed elementor-section-height-default elementor-section-height-default\" data-id=\"708d876\" data-element_type=\"section\">\n\t\t\t\t\t\t<div class=\"elementor-container elementor-column-gap-default\">\n\t\t\t\t\t<div class=\"elementor-column elementor-col-100 elementor-top-column elementor-element elementor-element-c000595\" data-id=\"c000595\" data-element_type=\"column\">\n\t\t\t<div class=\"elementor-widget-wrap elementor-element-populated\">\n\t\t\t\t\t\t\t\t<div class=\"elementor-element elementor-element-254a6af elementor-grid-1 elementor-posts--thumbnail-none elementor-grid-tablet-2 elementor-grid-mobile-1 elementor-widget elementor-widget-posts\" data-id=\"254a6af\" data-element_type=\"widget\" data-settings=\"{&quot;classic_columns&quot;:&quot;1&quot;,&quot;classic_columns_tablet&quot;:&quot;2&quot;,&quot;classic_columns_mobile&quot;:&quot;1&quot;,&quot;classic_row_gap&quot;:{&quot;unit&quot;:&quot;px&quot;,&quot;size&quot;:35,&quot;sizes&quot;:[]},&quot;classic_row_gap_tablet&quot;:{&quot;unit&quot;:&quot;px&quot;,&quot;size&quot;:&quot;&quot;,&quot;sizes&quot;:[]},&quot;classic_row_gap_mobile&quot;:{&quot;unit&quot;:&quot;px&quot;,&quot;size&quot;:&quot;&quot;,&quot;sizes&quot;:[]}}\" data-widget_type=\"posts.classic\">\n\t\t\t\t<div class=\"elementor-widget-container\">\n\t\t\t<link rel=\"stylesheet\" href=\"https:\/\/congchunghoankiem.com.vn\/wp-content\/plugins\/elementor-pro\/assets\/css\/widget-posts.min.css\">\t\t<div class=\"elementor-posts-container elementor-posts elementor-posts--skin-classic elementor-grid\">\n\t\t\t\t<article class=\"elementor-post elementor-grid-item post-1351 post type-post status-publish format-standard hentry category-tuyen-dung\">\n\t\t\t\t<div class=\"elementor-post__text\">\n\t\t\t\t<h3 class=\"elementor-post__title\">\n\t\t\t<a href=\"https:\/\/congchunghoankiem.com.vn\/?p=1351\" >\n\t\t\t\t&#8220;V\u0103n ph\u00f2ng c\u00f4ng ch\u1ee9ng Ho\u00e0n Ki\u1ebfm, th\u00e0nh ph\u1ed1 H\u00e0 N\u1ed9i c\u1ea7n tuy\u1ec3n d\u1ee5ng th\u01b0 k\u00fd c\u00f4ng ch\u1ee9ng vi\u00ean, nh\u00e2n vi\u00ean nghi\u1ec7p v\u1ee5 c\u00f4ng ch\u1ee9ng&#8221;\t\t\t<\/a>\n\t\t<\/h3>\n\t\t\t\t<div class=\"elementor-post__meta-data\">\n\t\t\t\t\t<span class=\"elementor-post-date\">\n\t\t\t27 Th\u00e1ng B\u1ea3y, 2024\t\t<\/span>\n\t\t\t\t<\/div>\n\t\t\t\t<div class=\"elementor-post__excerpt\">\n\t\t\t\t\t<\/div>\n\t\t\t\t\t<a class=\"elementor-post__read-more\" href=\"https:\/\/congchunghoankiem.com.vn\/?p=1351\" >\n\t\t\t\tChi ti\u1ebft \u00bb\t\t\t<\/a>\n\t\t\t\t<\/div>\n\t\t\t\t<\/article>\n\t\t\t\t<\/div>\n\n\n\t\t\n\t\t\t\t<\/div>\n\t\t\t\t<\/div>\n\t\t\t\t\t<\/div>\n\t\t<\/div>\n\t\t\t\t\t\t\t<\/div>\n\t\t<\/section>\n\t\t\t\t\t\t\t<\/div>\n\t\t","protected":false},"excerpt":{"rendered":"<p>TUY\u1ec2N D\u1ee4NG<\/p>\n","protected":false},"author":1,"featured_media":0,"parent":0,"menu_order":0,"comment_status":"closed","ping_status":"closed","template":"","meta":{"footnotes":""},"acf":false,"_links":{"self":[{"href":"https:\/\/congchunghoankiem.com.vn\/index.php?rest_route=\/wp\/v2\/pages\/1365"}],"collection":[{"href":"https:\/\/congchunghoankiem.com.vn\/index.php?rest_route=\/wp\/v2\/pages"}],"about":[{"href":"https:\/\/congchunghoankiem.com.vn\/index.php?rest_route=\/wp\/v2\/types\/page"}],"author":[{"embeddable":true,"href":"https:\/\/congchunghoankiem.com.vn\/index.php?rest_route=\/wp\/v2\/users\/1"}],"replies":[{"embeddable":true,"href":"https:\/\/congchunghoankiem.com.vn\/index.php?rest_route=%2Fwp%2Fv2%2Fcomments&post=1365"}],"version-history":[{"count":10,"href":"https:\/\/congchunghoankiem.com.vn\/index.php?rest_route=\/wp\/v2\/pages\/1365\/revisions"}],"predecessor-version":[{"id":1377,"href":"https:\/\/congchunghoankiem.com.vn\/index.php?rest_route=\/wp\/v2\/pages\/1365\/revisions\/1377"}],"wp:attachment":[{"href":"https:\/\/congchunghoankiem.com.vn\/index.php?rest_route=%2Fwp%2Fv2%2Fmedia&parent=1365"}],"curies":[{"name":"wp","href":"https:\/\/api.w.org\/{rel}","templated":true}]}}