{"id":15,"date":"2022-06-27T14:12:46","date_gmt":"2022-06-27T14:12:46","guid":{"rendered":"https:\/\/congchunghoankiem.com.vn\/?page_id=15"},"modified":"2022-10-04T20:46:12","modified_gmt":"2022-10-04T13:46:12","slug":"gioi-thieu","status":"publish","type":"page","link":"https:\/\/congchunghoankiem.com.vn\/?page_id=15","title":{"rendered":"Gi\u1edbi thi\u1ec7u"},"content":{"rendered":"\t\t<div data-elementor-type=\"wp-page\" data-elementor-id=\"15\" class=\"elementor elementor-15\">\n\t\t\t\t\t\t\t\t\t<section class=\"elementor-section elementor-top-section elementor-element elementor-element-9ee0952 elementor-section-full_width elementor-section-stretched elementor-section-height-default elementor-section-height-default\" data-id=\"9ee0952\" data-element_type=\"section\" data-settings=\"{&quot;background_background&quot;:&quot;classic&quot;,&quot;stretch_section&quot;:&quot;section-stretched&quot;}\">\n\t\t\t\t\t\t<div class=\"elementor-container elementor-column-gap-default\">\n\t\t\t\t\t<div class=\"elementor-column elementor-col-100 elementor-top-column elementor-element elementor-element-d1928c6\" data-id=\"d1928c6\" data-element_type=\"column\">\n\t\t\t<div class=\"elementor-widget-wrap elementor-element-populated\">\n\t\t\t\t\t\t\t\t<div class=\"elementor-element elementor-element-0cd58f4 elementor-widget__width-inherit elementor-widget elementor-widget-image\" data-id=\"0cd58f4\" data-element_type=\"widget\" data-widget_type=\"image.default\">\n\t\t\t\t<div class=\"elementor-widget-container\">\n\t\t\t<style>\/*! elementor - v3.6.3 - 12-04-2022 *\/\n.elementor-widget-image{text-align:center}.elementor-widget-image a{display:inline-block}.elementor-widget-image a img[src$=\".svg\"]{width:48px}.elementor-widget-image img{vertical-align:middle;display:inline-block}<\/style>\t\t\t\t\t\t\t\t\t\t\t\t<img loading=\"lazy\" decoding=\"async\" width=\"1920\" height=\"356\" src=\"https:\/\/congchunghoankiem.com.vn\/wp-content\/uploads\/2022\/10\/VPCC_Page_Banner.png\" class=\"attachment-full size-full\" alt=\"\" srcset=\"https:\/\/congchunghoankiem.com.vn\/wp-content\/uploads\/2022\/10\/VPCC_Page_Banner.png 1920w, https:\/\/congchunghoankiem.com.vn\/wp-content\/uploads\/2022\/10\/VPCC_Page_Banner-300x56.png 300w, https:\/\/congchunghoankiem.com.vn\/wp-content\/uploads\/2022\/10\/VPCC_Page_Banner-1024x190.png 1024w, https:\/\/congchunghoankiem.com.vn\/wp-content\/uploads\/2022\/10\/VPCC_Page_Banner-768x142.png 768w, https:\/\/congchunghoankiem.com.vn\/wp-content\/uploads\/2022\/10\/VPCC_Page_Banner-1536x285.png 1536w, https:\/\/congchunghoankiem.com.vn\/wp-content\/uploads\/2022\/10\/VPCC_Page_Banner-260x48.png 260w, https:\/\/congchunghoankiem.com.vn\/wp-content\/uploads\/2022\/10\/VPCC_Page_Banner-50x9.png 50w, https:\/\/congchunghoankiem.com.vn\/wp-content\/uploads\/2022\/10\/VPCC_Page_Banner-150x28.png 150w\" sizes=\"(max-width: 1920px) 100vw, 1920px\" \/>\t\t\t\t\t\t\t\t\t\t\t\t\t\t\t<\/div>\n\t\t\t\t<\/div>\n\t\t\t\t\t<\/div>\n\t\t<\/div>\n\t\t\t\t\t\t\t<\/div>\n\t\t<\/section>\n\t\t\t\t<section class=\"elementor-section elementor-top-section elementor-element elementor-element-1ed7009 elementor-section-boxed elementor-section-height-default elementor-section-height-default\" data-id=\"1ed7009\" data-element_type=\"section\">\n\t\t\t\t\t\t<div class=\"elementor-container elementor-column-gap-default\">\n\t\t\t\t\t<div class=\"elementor-column elementor-col-100 elementor-top-column elementor-element elementor-element-92d789a\" data-id=\"92d789a\" data-element_type=\"column\">\n\t\t\t<div class=\"elementor-widget-wrap elementor-element-populated\">\n\t\t\t\t\t\t\t\t<div class=\"elementor-element elementor-element-7c1cdcb elementor-widget elementor-widget-heading\" data-id=\"7c1cdcb\" data-element_type=\"widget\" data-widget_type=\"heading.default\">\n\t\t\t\t<div class=\"elementor-widget-container\">\n\t\t\t<style>\/*! elementor - v3.6.3 - 12-04-2022 *\/\n.elementor-heading-title{padding:0;margin:0;line-height:1}.elementor-widget-heading .elementor-heading-title[class*=elementor-size-]>a{color:inherit;font-size:inherit;line-height:inherit}.elementor-widget-heading .elementor-heading-title.elementor-size-small{font-size:15px}.elementor-widget-heading .elementor-heading-title.elementor-size-medium{font-size:19px}.elementor-widget-heading .elementor-heading-title.elementor-size-large{font-size:29px}.elementor-widget-heading .elementor-heading-title.elementor-size-xl{font-size:39px}.elementor-widget-heading .elementor-heading-title.elementor-size-xxl{font-size:59px}<\/style><h2 class=\"elementor-heading-title elementor-size-default\">V\u0102N PH\u00d2NG C\u00d4NG CH\u1ee8NG HO\u00c0N KI\u1ebeM K\u00cdNH CH\u00c0O QU\u00dd KH\u00c1CH!<\/h2>\t\t<\/div>\n\t\t\t\t<\/div>\n\t\t\t\t<div class=\"elementor-element elementor-element-ea260dc elementor-widget elementor-widget-text-editor\" data-id=\"ea260dc\" data-element_type=\"widget\" data-widget_type=\"text-editor.default\">\n\t\t\t\t<div class=\"elementor-widget-container\">\n\t\t\t<style>\/*! elementor - v3.6.3 - 12-04-2022 *\/\n.elementor-widget-text-editor.elementor-drop-cap-view-stacked .elementor-drop-cap{background-color:#818a91;color:#fff}.elementor-widget-text-editor.elementor-drop-cap-view-framed .elementor-drop-cap{color:#818a91;border:3px solid;background-color:transparent}.elementor-widget-text-editor:not(.elementor-drop-cap-view-default) .elementor-drop-cap{margin-top:8px}.elementor-widget-text-editor:not(.elementor-drop-cap-view-default) .elementor-drop-cap-letter{width:1em;height:1em}.elementor-widget-text-editor .elementor-drop-cap{float:left;text-align:center;line-height:1;font-size:50px}.elementor-widget-text-editor .elementor-drop-cap-letter{display:inline-block}<\/style>\t\t\t\t<p style=\"font-weight: 400;\"><img loading=\"lazy\" decoding=\"async\" class=\"alignright wp-image-1304\" src=\"https:\/\/congchunghoankiem.com.vn\/wp-content\/uploads\/2022\/10\/about.jpg\" alt=\"\" width=\"580\" height=\"773\" \/><strong>V\u0103n ph\u00f2ng c\u00f4ng ch\u1ee9ng Ho\u00e0n Ki\u1ebfm \u0111\u01b0\u1ee3c th\u00e0nh l\u1eadp theo quy\u1ebft \u0111\u1ecbnh s\u1ed1 2757\/Q\u0110-UBND ng\u00e0y 24\/12\/2008 c\u1ee7a UBND th\u00e0nh ph\u1ed1 H\u00e0 N\u1ed9i, Gi\u1ea5y \u0111\u0103ng k\u00fd ho\u1ea1t \u0111\u1ed9ng s\u1ed1 28\/TP-\u0110KH\u0110 ng\u00e0y 29\/12\/2008 c\u1ee7a S\u1edf T\u01b0 ph\u00e1p th\u00e0nh ph\u1ed1 H\u00e0 N\u1ed9i, c\u00f3 tr\u1ee5 s\u1edf t\u1ea1i 74 Nguy\u1ec5n H\u1eefu Hu\u00e2n, ph\u01b0\u1eddng L\u00fd Th\u00e1i T\u1ed5, qu\u1eadn Ho\u00e0n Ki\u1ebfm, th\u00e0nh ph\u1ed1 H\u00e0 N\u1ed9i.<\/strong><\/p><p style=\"font-weight: 400;\">Ng\u00e0y 23\/7\/2009, UBND th\u00e0nh ph\u1ed1 H\u00e0 N\u1ed9i cho ph\u00e9p V\u0103n ph\u00f2ng c\u00f4ng ch\u1ee9ng Ho\u00e0n Ki\u1ebfm \u0111\u01b0\u1ee3c chuy\u1ec3n \u0111\u1ed5i m\u00f4 h\u00ecnh t\u1ed5 ch\u1ee9c v\u00e0 ho\u1ea1t \u0111\u1ed9ng theo lo\u1ea1i h\u00ecnh C\u00f4ng ty h\u1ee3p danh theo Quy\u1ebft \u0111\u1ecbnh s\u1ed1 3578\/Q\u0110-UBND; V\u00e0 \u0111\u01b0\u1ee3c S\u1edf T\u01b0 ph\u00e1p th\u00e0nh ph\u1ed1 H\u00e0 N\u1ed9i c\u1ea5p Gi\u1ea5y \u0111\u0103ng k\u00fd ho\u1ea1t \u0111\u1ed9ng c\u1ee7a V\u0103n ph\u00f2ng c\u00f4ng ch\u1ee9ng (\u0111\u1ed1i v\u1edbi V\u0103n ph\u00f2ng c\u00f4ng ch\u1ee9ng do hai C\u00f4ng ch\u1ee9ng vi\u00ean tr\u1edf l\u00ean th\u00e0nh l\u1eadp) s\u1ed1 28\/TP-\u0110KH\u0110 ng\u00e0y 27\/7\/2009.<\/p><p style=\"font-weight: 400;\">C\u00f9ng v\u1edbi s\u1ef1 ph\u00e1t tri\u1ec3n c\u1ee7a n\u1ec1n kinh t\u1ebf \u0111\u1ea5t n\u01b0\u1edbc, c\u00e1c h\u1ee3p \u0111\u1ed3ng, giao d\u1ecbch v\u1ec1 d\u00e2n s\u1ef1, kinh t\u1ebf ng\u00e0y c\u00e0ng \u0111a d\u1ea1ng v\u00e0 ph\u1ee9c t\u1ea1p. Ho\u1ea1t \u0111\u1ed9ng c\u00f4ng ch\u1ee9ng n\u00f3i chung \u0111\u00e3 th\u1ec3 hi\u1ec7n vai tr\u00f2 r\u1ea5t quan tr\u1ecdng trong \u0111\u1eddi s\u1ed1ng x\u00e3 h\u1ed9i c\u1ee7a \u0111\u1ea5t n\u01b0\u1edbc, g\u00f3p ph\u1ea7n th\u00fac \u0111\u1ea9y n\u1ec1n kinh t\u1ebf th\u1ecb tr\u01b0\u1eddng, \u0111\u1ea3m b\u1ea3o an to\u00e0n ph\u00e1p l\u00fd cho c\u00e1c giao d\u1ecbch v\u1ec1 d\u00e2n s\u1ef1, kinh t\u1ebf c\u1ee7a t\u1ed5 ch\u1ee9c c\u00e1 nh\u00e2n trong v\u00e0 ngo\u00e0i n\u01b0\u1edbc.<\/p><p style=\"font-weight: 400;\">V\u0103n ph\u00f2ng c\u00f4ng ch\u1ee9ng Ho\u00e0n Ki\u1ebfm l\u00e0 m\u1ed9t t\u1ed5 ch\u1ee9c d\u1ecbch v\u1ee5 c\u00f4ng, c\u00f3 t\u01b0 c\u00e1ch ph\u00e1p nh\u00e2n, c\u00f3 tr\u1ee5 s\u1edf, con d\u1ea5u v\u00e0 t\u00e0i kho\u1ea3n ri\u00eang. Ch\u00fang t\u00f4i lu\u00f4n n\u00eau cao quy\u1ebft t\u00e2m b\u1ea3o \u0111\u1ea3m ch\u1ea5t l\u01b0\u1ee3ng c\u00e1c d\u1ecbch v\u1ee5 c\u00f4ng ch\u1ee9ng, lu\u00f4n coi l\u1ee3i \u00edch c\u1ee7a Qu\u00fd kh\u00e1ch h\u00e0ng l\u00e0 \u01b0u ti\u00ean s\u1ed1 m\u1ed9t. Ch\u00fang t\u00f4i \u0111\u1ea3m b\u1ea3o r\u1eb1ng khi \u0111\u1ebfn v\u1edbi V\u0103n ph\u00f2ng c\u00f4ng ch\u1ee9ng Ho\u00e0n Ki\u1ebfm, Qu\u00fd kh\u00e1ch s\u1ebd c\u1ea3m th\u1ea5y h\u00e0i l\u00f2ng v\u1edbi t\u00e1c phong chuy\u00ean nghi\u1ec7p v\u00e0 s\u1ef1 t\u01b0 v\u1ea5n, h\u1ed7 tr\u1ee3 t\u1eadn t\u00ecnh, chu \u0111\u00e1o trong su\u1ed1t qu\u00e1 tr\u00ecnh c\u00f4ng ch\u1ee9ng.<\/p><p style=\"font-weight: 400;\">Ch\u00fang t\u00f4i t\u1ef1 h\u00e0o v\u1edbi \u0111\u1ed9i ng\u0169 c\u00f4ng ch\u1ee9ng vi\u00ean, nh\u00e2n vi\u00ean c\u00f4ng ch\u1ee9ng v\u1edbi tr\u00ecnh \u0111\u1ed9 chuy\u00ean m\u00f4n cao v\u00e0 l\u00e0 chuy\u00ean gia h\u00e0ng \u0111\u1ea7u v\u1ec1 h\u1ee3p \u0111\u1ed3ng giao d\u1ecbch d\u00e2n s\u1ef1, c\u00f3 nhi\u1ec1u n\u0103m kinh nghi\u1ec7m c\u00f4ng ch\u1ee9ng, \u0111\u1ecba \u0111i\u1ec3m giao d\u1ecbch thu\u1eadn ti\u1ec7n t\u1ea1i trung t\u00e2m qu\u1eadn Ho\u00e0n Ki\u1ebfm, c\u00e1c ph\u00f2ng l\u00e0m vi\u1ec7c \u0111\u01b0\u1ee3c trang b\u1ecb \u0111\u1ea7y \u0111\u1ee7 v\u00e0 hi\u1ec7n \u0111\u1ea1i, t\u1ea1o m\u1ecdi \u0111i\u1ec1u ki\u1ec7n t\u1ed1t nh\u1ea5t cho Qu\u00fd kh\u00e1ch khi \u0111\u1ebfn l\u00e0m vi\u1ec7c. Ch\u00fang t\u00f4i lu\u00f4n tu\u00e2n th\u1ee7 ph\u00e1p lu\u1eadt, \u0111\u1ea3m b\u1ea3o quy\u1ec1n v\u00e0 l\u1ee3i \u00edch h\u1ee3p ph\u00e1p c\u1ee7a c\u00e1c b\u00ean \u0111\u01b0\u1ee3c t\u00f4n tr\u1ecdng, tu\u00e2n theo \u0111\u1ea1o d\u1ee9c ngh\u1ec1 c\u00f4ng ch\u1ee9ng. Do \u0111\u00f3, n\u1ebfu \u0111\u01b0\u1ee3c V\u0103n ph\u00f2ng c\u00f4ng ch\u1ee9ng Ho\u00e0n Ki\u1ebfm ph\u1ee5c v\u1ee5, Qu\u00fd kh\u00e1ch s\u1ebd h\u00e0i l\u00f2ng, tin t\u01b0\u1edfng v\u00e0 ti\u1ebft ki\u1ec7m \u0111\u01b0\u1ee3c c\u00e1c chi ph\u00ed v\u00e0 \u0111i\u1ec1u quan tr\u1ecdng h\u01a1n c\u1ea3 l\u00e0 m\u1ecdi giao d\u1ecbch cu\u1ea3 Qu\u00fd kh\u00e1ch khi k\u00fd k\u1ebft s\u1ebd \u0111\u01b0\u1ee3c \u0111\u1ea3m b\u1ea3o an to\u00e0n ph\u00e1p l\u00fd.<\/p><p style=\"font-weight: 400;\">V\u0103n ph\u00f2ng c\u00f4ng ch\u1ee9ng Ho\u00e0n Ki\u1ebfm m\u1edf c\u1eeda t\u1eeb trong gi\u1edd h\u00e0nh ch\u00ednh t\u1eeb th\u1ee9 2 \u0111\u1ebfn th\u1ee9 7. Ngo\u00e0i ra, V\u0103n ph\u00f2ng c\u00f2n \u0111\u00e1p \u1ee9ng m\u1ecdi c\u00f4ng vi\u1ec7c theo y\u00eau c\u1ea7u c\u1ee7a kh\u00e1ch h\u00e0ng:<\/p><p>&#8211; C\u00f4ng ch\u1ee9ng t\u1ea1i \u0111\u1ecba ch\u1ec9 kh\u00e1ch h\u00e0ng trong gi\u1edd h\u00e0nh ch\u00ednh.<\/p><p>&#8211; C\u00f4ng ch\u1ee9ng t\u1ea1i \u0111\u1ecba ch\u1ec9 kh\u00e1ch h\u00e0ng ngo\u00e0i gi\u1edd h\u00e0nh ch\u00ednh, ng\u00e0y ngh\u1ec9, ng\u00e0y l\u1ec5.<\/p><p style=\"font-weight: 400;\"><em>Ch\u00fac Qu\u00fd kh\u00e1ch An khang, Th\u1ecbnh v\u01b0\u1ee3ng v\u00e0 Th\u00e0nh c\u00f4ng!<\/em><\/p>\t\t\t\t\t\t<\/div>\n\t\t\t\t<\/div>\n\t\t\t\t\t<\/div>\n\t\t<\/div>\n\t\t\t\t\t\t\t<\/div>\n\t\t<\/section>\n\t\t\t\t\t\t\t<\/div>\n\t\t","protected":false},"excerpt":{"rendered":"<p>V\u0102N PH\u00d2NG C\u00d4NG CH\u1ee8NG HO\u00c0N KI\u1ebeM K\u00cdNH CH\u00c0O QU\u00dd KH\u00c1CH! V\u0103n ph\u00f2ng c\u00f4ng ch\u1ee9ng Ho\u00e0n Ki\u1ebfm \u0111\u01b0\u1ee3c th\u00e0nh l\u1eadp theo quy\u1ebft \u0111\u1ecbnh s\u1ed1 2757\/Q\u0110-UBND ng\u00e0y 24\/12\/2008<span class=\"excerpt-hellip\"> [\u2026]<\/span><\/p>\n","protected":false},"author":1,"featured_media":0,"parent":0,"menu_order":0,"comment_status":"closed","ping_status":"closed","template":"","meta":{"footnotes":""},"acf":false,"_links":{"self":[{"href":"https:\/\/congchunghoankiem.com.vn\/index.php?rest_route=\/wp\/v2\/pages\/15"}],"collection":[{"href":"https:\/\/congchunghoankiem.com.vn\/index.php?rest_route=\/wp\/v2\/pages"}],"about":[{"href":"https:\/\/congchunghoankiem.com.vn\/index.php?rest_route=\/wp\/v2\/types\/page"}],"author":[{"embeddable":true,"href":"https:\/\/congchunghoankiem.com.vn\/index.php?rest_route=\/wp\/v2\/users\/1"}],"replies":[{"embeddable":true,"href":"https:\/\/congchunghoankiem.com.vn\/index.php?rest_route=%2Fwp%2Fv2%2Fcomments&post=15"}],"version-history":[{"count":43,"href":"https:\/\/congchunghoankiem.com.vn\/index.php?rest_route=\/wp\/v2\/pages\/15\/revisions"}],"predecessor-version":[{"id":1310,"href":"https:\/\/congchunghoankiem.com.vn\/index.php?rest_route=\/wp\/v2\/pages\/15\/revisions\/1310"}],"wp:attachment":[{"href":"https:\/\/congchunghoankiem.com.vn\/index.php?rest_route=%2Fwp%2Fv2%2Fmedia&parent=15"}],"curies":[{"name":"wp","href":"https:\/\/api.w.org\/{rel}","templated":true}]}}