{"id":26,"date":"2022-06-27T14:14:24","date_gmt":"2022-06-27T14:14:24","guid":{"rendered":"https:\/\/congchunghoankiem.com.vn\/?page_id=26"},"modified":"2022-09-04T23:30:13","modified_gmt":"2022-09-04T16:30:13","slug":"lien-he","status":"publish","type":"page","link":"https:\/\/congchunghoankiem.com.vn\/?page_id=26","title":{"rendered":"Li\u00ean h\u1ec7"},"content":{"rendered":"\t\t<div data-elementor-type=\"wp-page\" data-elementor-id=\"26\" class=\"elementor elementor-26\">\n\t\t\t\t\t\t\t\t\t<section class=\"elementor-section elementor-top-section elementor-element elementor-element-4870637 elementor-section-full_width elementor-section-stretched elementor-section-height-default elementor-section-height-default\" data-id=\"4870637\" data-element_type=\"section\" data-settings=\"{&quot;background_background&quot;:&quot;classic&quot;,&quot;stretch_section&quot;:&quot;section-stretched&quot;}\">\n\t\t\t\t\t\t<div class=\"elementor-container elementor-column-gap-default\">\n\t\t\t\t\t<div class=\"elementor-column elementor-col-100 elementor-top-column elementor-element elementor-element-193e1f2\" data-id=\"193e1f2\" data-element_type=\"column\">\n\t\t\t<div class=\"elementor-widget-wrap elementor-element-populated\">\n\t\t\t\t\t\t\t\t<div class=\"elementor-element elementor-element-3af604d elementor-widget__width-inherit elementor-widget elementor-widget-image\" data-id=\"3af604d\" data-element_type=\"widget\" data-widget_type=\"image.default\">\n\t\t\t\t<div class=\"elementor-widget-container\">\n\t\t\t<style>\/*! elementor - v3.6.3 - 12-04-2022 *\/\n.elementor-widget-image{text-align:center}.elementor-widget-image a{display:inline-block}.elementor-widget-image a img[src$=\".svg\"]{width:48px}.elementor-widget-image img{vertical-align:middle;display:inline-block}<\/style>\t\t\t\t\t\t\t\t\t\t\t\t<img loading=\"lazy\" decoding=\"async\" width=\"1920\" height=\"356\" src=\"https:\/\/congchunghoankiem.com.vn\/wp-content\/uploads\/2022\/09\/VPCC_Page_Banner_LH.png\" class=\"attachment-full size-full\" alt=\"\" srcset=\"https:\/\/congchunghoankiem.com.vn\/wp-content\/uploads\/2022\/09\/VPCC_Page_Banner_LH.png 1920w, https:\/\/congchunghoankiem.com.vn\/wp-content\/uploads\/2022\/09\/VPCC_Page_Banner_LH-300x56.png 300w, https:\/\/congchunghoankiem.com.vn\/wp-content\/uploads\/2022\/09\/VPCC_Page_Banner_LH-1024x190.png 1024w, https:\/\/congchunghoankiem.com.vn\/wp-content\/uploads\/2022\/09\/VPCC_Page_Banner_LH-768x142.png 768w, https:\/\/congchunghoankiem.com.vn\/wp-content\/uploads\/2022\/09\/VPCC_Page_Banner_LH-1536x285.png 1536w, https:\/\/congchunghoankiem.com.vn\/wp-content\/uploads\/2022\/09\/VPCC_Page_Banner_LH-260x48.png 260w, https:\/\/congchunghoankiem.com.vn\/wp-content\/uploads\/2022\/09\/VPCC_Page_Banner_LH-50x9.png 50w, https:\/\/congchunghoankiem.com.vn\/wp-content\/uploads\/2022\/09\/VPCC_Page_Banner_LH-150x28.png 150w\" sizes=\"(max-width: 1920px) 100vw, 1920px\" \/>\t\t\t\t\t\t\t\t\t\t\t\t\t\t\t<\/div>\n\t\t\t\t<\/div>\n\t\t\t\t\t<\/div>\n\t\t<\/div>\n\t\t\t\t\t\t\t<\/div>\n\t\t<\/section>\n\t\t\t\t<section class=\"elementor-section elementor-top-section elementor-element elementor-element-df58c7a elementor-section-boxed elementor-section-height-default elementor-section-height-default\" data-id=\"df58c7a\" data-element_type=\"section\">\n\t\t\t\t\t\t<div class=\"elementor-container elementor-column-gap-default\">\n\t\t\t\t\t<div class=\"elementor-column elementor-col-100 elementor-top-column elementor-element elementor-element-b59eef4\" data-id=\"b59eef4\" data-element_type=\"column\">\n\t\t\t<div class=\"elementor-widget-wrap elementor-element-populated\">\n\t\t\t\t\t\t\t\t<div class=\"elementor-element elementor-element-912d040 elementor-widget elementor-widget-heading\" data-id=\"912d040\" data-element_type=\"widget\" data-widget_type=\"heading.default\">\n\t\t\t\t<div class=\"elementor-widget-container\">\n\t\t\t<style>\/*! elementor - v3.6.3 - 12-04-2022 *\/\n.elementor-heading-title{padding:0;margin:0;line-height:1}.elementor-widget-heading .elementor-heading-title[class*=elementor-size-]>a{color:inherit;font-size:inherit;line-height:inherit}.elementor-widget-heading .elementor-heading-title.elementor-size-small{font-size:15px}.elementor-widget-heading .elementor-heading-title.elementor-size-medium{font-size:19px}.elementor-widget-heading .elementor-heading-title.elementor-size-large{font-size:29px}.elementor-widget-heading .elementor-heading-title.elementor-size-xl{font-size:39px}.elementor-widget-heading .elementor-heading-title.elementor-size-xxl{font-size:59px}<\/style><h2 class=\"elementor-heading-title elementor-size-default\">Y\u00caU C\u1ea6U T\u01af V\u1ea4N - H\u1ed6 TR\u1ee2<\/h2>\t\t<\/div>\n\t\t\t\t<\/div>\n\t\t\t\t\t<\/div>\n\t\t<\/div>\n\t\t\t\t\t\t\t<\/div>\n\t\t<\/section>\n\t\t\t\t<section class=\"elementor-section elementor-top-section elementor-element elementor-element-2af11fd elementor-section-boxed elementor-section-height-default elementor-section-height-default\" data-id=\"2af11fd\" data-element_type=\"section\">\n\t\t\t\t\t\t<div class=\"elementor-container elementor-column-gap-default\">\n\t\t\t\t\t<div class=\"elementor-column elementor-col-50 elementor-top-column elementor-element elementor-element-a557285\" data-id=\"a557285\" data-element_type=\"column\">\n\t\t\t<div class=\"elementor-widget-wrap elementor-element-populated\">\n\t\t\t\t\t\t\t\t<div class=\"elementor-element elementor-element-b0b51fd elementor-widget elementor-widget-heading\" data-id=\"b0b51fd\" data-element_type=\"widget\" data-widget_type=\"heading.default\">\n\t\t\t\t<div class=\"elementor-widget-container\">\n\t\t\t<h2 class=\"elementor-heading-title elementor-size-default\">V\u0102N PH\u00d2NG C\u00d4NG CH\u1ee8NG HO\u00c0N KI\u1ebeM<\/h2>\t\t<\/div>\n\t\t\t\t<\/div>\n\t\t\t\t<div class=\"elementor-element elementor-element-4abc2f7 elementor-icon-list--layout-traditional elementor-list-item-link-full_width elementor-widget elementor-widget-icon-list\" data-id=\"4abc2f7\" data-element_type=\"widget\" data-widget_type=\"icon-list.default\">\n\t\t\t\t<div class=\"elementor-widget-container\">\n\t\t\t<link rel=\"stylesheet\" href=\"https:\/\/congchunghoankiem.com.vn\/wp-content\/plugins\/elementor\/assets\/css\/widget-icon-list.min.css\">\t\t<ul class=\"elementor-icon-list-items\">\n\t\t\t\t\t\t\t<li class=\"elementor-icon-list-item\">\n\t\t\t\t\t\t\t\t\t\t\t<span class=\"elementor-icon-list-icon\">\n\t\t\t\t\t\t\t<i aria-hidden=\"true\" class=\"fas fa-location-arrow\"><\/i>\t\t\t\t\t\t<\/span>\n\t\t\t\t\t\t\t\t\t\t<span class=\"elementor-icon-list-text\">74 Nguy\u1ec5n H\u1eefu Hu\u00e2n, ph\u01b0\u1eddng L\u00fd Th\u00e1i T\u1ed5, qu\u1eadn Ho\u00e0n Ki\u1ebfm, H\u00e0 N\u1ed9i<\/span>\n\t\t\t\t\t\t\t\t\t<\/li>\n\t\t\t\t\t\t\t\t<li class=\"elementor-icon-list-item\">\n\t\t\t\t\t\t\t\t\t\t\t<a href=\"mailto:contact@congchunghoankiem.com.vn\">\n\n\t\t\t\t\t\t\t\t\t\t\t\t<span class=\"elementor-icon-list-icon\">\n\t\t\t\t\t\t\t<i aria-hidden=\"true\" class=\"fas fa-envelope\"><\/i>\t\t\t\t\t\t<\/span>\n\t\t\t\t\t\t\t\t\t\t<span class=\"elementor-icon-list-text\">contact@congchunghoankiem.com.vn<\/span>\n\t\t\t\t\t\t\t\t\t\t\t<\/a>\n\t\t\t\t\t\t\t\t\t<\/li>\n\t\t\t\t\t\t\t\t<li class=\"elementor-icon-list-item\">\n\t\t\t\t\t\t\t\t\t\t\t<span class=\"elementor-icon-list-icon\">\n\t\t\t\t\t\t\t<i aria-hidden=\"true\" class=\"fas fa-phone-alt\"><\/i>\t\t\t\t\t\t<\/span>\n\t\t\t\t\t\t\t\t\t\t<span class=\"elementor-icon-list-text\">(84-4) 3926 4426 \/ 3926 4427 \/ 3926 4428<\/span>\n\t\t\t\t\t\t\t\t\t<\/li>\n\t\t\t\t\t\t\t\t<li class=\"elementor-icon-list-item\">\n\t\t\t\t\t\t\t\t\t\t\t<span class=\"elementor-icon-list-icon\">\n\t\t\t\t\t\t\t<i aria-hidden=\"true\" class=\"fas fa-fax\"><\/i>\t\t\t\t\t\t<\/span>\n\t\t\t\t\t\t\t\t\t\t<span class=\"elementor-icon-list-text\">(84-4) 3926 4399<\/span>\n\t\t\t\t\t\t\t\t\t<\/li>\n\t\t\t\t\t\t<\/ul>\n\t\t\t\t<\/div>\n\t\t\t\t<\/div>\n\t\t\t\t<div class=\"elementor-element elementor-element-da36bbb elementor-widget elementor-widget-premium-contact-form\" data-id=\"da36bbb\" data-element_type=\"widget\" data-widget_type=\"premium-contact-form.default\">\n\t\t\t\t<div class=\"elementor-widget-container\">\n\t\t\t\n\t\t\t<div class=\"premium-cf7-container\">\n\t\t\t\t<div role=\"form\" class=\"wpcf7\" id=\"wpcf7-f1031-o1\" lang=\"vi\" dir=\"ltr\">\n<div class=\"screen-reader-response\"><p role=\"status\" aria-live=\"polite\" aria-atomic=\"true\"><\/p> <ul><\/ul><\/div>\n<form action=\"\/index.php?rest_route=%2Fwp%2Fv2%2Fpages%2F26#wpcf7-f1031-o1\" method=\"post\" class=\"wpcf7-form init\" novalidate=\"novalidate\" data-status=\"init\">\n<div style=\"display: none;\">\n<input type=\"hidden\" name=\"_wpcf7\" value=\"1031\" \/>\n<input type=\"hidden\" name=\"_wpcf7_version\" value=\"5.6\" \/>\n<input type=\"hidden\" name=\"_wpcf7_locale\" value=\"vi\" \/>\n<input type=\"hidden\" name=\"_wpcf7_unit_tag\" value=\"wpcf7-f1031-o1\" \/>\n<input type=\"hidden\" name=\"_wpcf7_container_post\" value=\"0\" \/>\n<input type=\"hidden\" name=\"_wpcf7_posted_data_hash\" value=\"\" \/>\n<\/div>\n<p><label> H\u1ecd v\u00e0 t\u00ean c\u1ee7a Qu\u00fd kh\u00e1ch:<br \/>\n    <span class=\"wpcf7-form-control-wrap\" data-name=\"your-name\"><input type=\"text\" name=\"your-name\" value=\"\" size=\"40\" class=\"wpcf7-form-control wpcf7-text wpcf7-validates-as-required\" aria-required=\"true\" aria-invalid=\"false\" \/><\/span> <\/label><\/p>\n<p><label> \u0110\u1ecba ch\u1ec9 email:<br \/>\n    <span class=\"wpcf7-form-control-wrap\" data-name=\"your-email\"><input type=\"email\" name=\"your-email\" value=\"\" size=\"40\" class=\"wpcf7-form-control wpcf7-text wpcf7-email wpcf7-validates-as-email\" aria-invalid=\"false\" \/><\/span> <\/label><\/p>\n<p><label> S\u1ed1 \u0111i\u1ec7n tho\u1ea1i:<br \/>\n    <span class=\"wpcf7-form-control-wrap\" data-name=\"tel-582\"><input type=\"tel\" name=\"tel-582\" value=\"\" size=\"40\" class=\"wpcf7-form-control wpcf7-text wpcf7-tel wpcf7-validates-as-required wpcf7-validates-as-tel\" aria-required=\"true\" aria-invalid=\"false\" \/><\/span> <\/label><\/p>\n<p><label> Ti\u00eau \u0111\u1ec1:<br \/>\n    <span class=\"wpcf7-form-control-wrap\" data-name=\"your-subject\"><input type=\"text\" name=\"your-subject\" value=\"\" size=\"40\" class=\"wpcf7-form-control wpcf7-text wpcf7-validates-as-required\" aria-required=\"true\" aria-invalid=\"false\" \/><\/span> <\/label><\/p>\n<p><label> N\u1ed9i dung y\u00eau c\u1ea7u t\u01b0 v\u1eabn\/h\u1ed7 tr\u1ee3:<br \/>\n    <span class=\"wpcf7-form-control-wrap\" data-name=\"your-message\"><textarea name=\"your-message\" cols=\"40\" rows=\"10\" class=\"wpcf7-form-control wpcf7-textarea\" aria-invalid=\"false\"><\/textarea><\/span> <\/label><\/p>\n<p><input type=\"submit\" value=\"G\u1eedi y\u00eau c\u1ea7u\" class=\"wpcf7-form-control has-spinner wpcf7-submit\" \/><\/p>\n<div class=\"wpcf7-response-output\" aria-hidden=\"true\"><\/div><\/form><\/div>\t\t\t<\/div>\n\n\t\t\t\t\t<\/div>\n\t\t\t\t<\/div>\n\t\t\t\t\t<\/div>\n\t\t<\/div>\n\t\t\t\t<div class=\"elementor-column elementor-col-50 elementor-top-column elementor-element elementor-element-0dc146f\" data-id=\"0dc146f\" data-element_type=\"column\">\n\t\t\t<div class=\"elementor-widget-wrap elementor-element-populated\">\n\t\t\t\t\t\t\t\t<div class=\"elementor-element elementor-element-ec83a20 elementor-widget elementor-widget-google_maps\" data-id=\"ec83a20\" data-element_type=\"widget\" data-widget_type=\"google_maps.default\">\n\t\t\t\t<div class=\"elementor-widget-container\">\n\t\t\t<style>\/*! elementor - v3.6.3 - 12-04-2022 *\/\n.elementor-widget-google_maps .elementor-widget-container{overflow:hidden}.elementor-widget-google_maps iframe{height:300px}<\/style>\t\t<div class=\"elementor-custom-embed\">\n\t\t\t<iframe frameborder=\"0\" scrolling=\"no\" marginheight=\"0\" marginwidth=\"0\"\n\t\t\t\t\tsrc=\"https:\/\/maps.google.com\/maps?q=V%C4%83n%20Ph%C3%B2ng%20C%C3%B4ng%20Ch%E1%BB%A9ng%20Ho%C3%A0n%20Ki%E1%BA%BFm%2C%20Nguy%E1%BB%85n%20H%E1%BB%AFu%20Hu%C3%A2n%2C%20L%C3%BD%20Th%C3%A1i%20T%E1%BB%95%2C%20Ho%C3%A0n%20Ki%E1%BA%BFm%2C%20H%C3%A0%20N%E1%BB%99i&#038;t=m&#038;z=17&#038;output=embed&#038;iwloc=near\"\n\t\t\t\t\ttitle=\"V\u0103n Ph\u00f2ng C\u00f4ng Ch\u1ee9ng Ho\u00e0n Ki\u1ebfm, Nguy\u1ec5n H\u1eefu Hu\u00e2n, L\u00fd Th\u00e1i T\u1ed5, Ho\u00e0n Ki\u1ebfm, H\u00e0 N\u1ed9i\"\n\t\t\t\t\taria-label=\"V\u0103n Ph\u00f2ng C\u00f4ng Ch\u1ee9ng Ho\u00e0n Ki\u1ebfm, Nguy\u1ec5n H\u1eefu Hu\u00e2n, L\u00fd Th\u00e1i T\u1ed5, Ho\u00e0n Ki\u1ebfm, H\u00e0 N\u1ed9i\"\n\t\t\t><\/iframe>\n\t\t<\/div>\n\t\t\t\t<\/div>\n\t\t\t\t<\/div>\n\t\t\t\t\t<\/div>\n\t\t<\/div>\n\t\t\t\t\t\t\t<\/div>\n\t\t<\/section>\n\t\t\t\t\t\t\t<\/div>\n\t\t","protected":false},"excerpt":{"rendered":"<p>Y\u00caU C\u1ea6U T\u01af V\u1ea4N &#8211; H\u1ed6 TR\u1ee2 V\u0102N PH\u00d2NG C\u00d4NG CH\u1ee8NG HO\u00c0N KI\u1ebeM 74 Nguy\u1ec5n H\u1eefu Hu\u00e2n, ph\u01b0\u1eddng L\u00fd Th\u00e1i T\u1ed5, qu\u1eadn Ho\u00e0n Ki\u1ebfm, H\u00e0 N\u1ed9i<span class=\"excerpt-hellip\"> [\u2026]<\/span><\/p>\n","protected":false},"author":1,"featured_media":0,"parent":0,"menu_order":0,"comment_status":"closed","ping_status":"closed","template":"","meta":{"footnotes":""},"acf":false,"_links":{"self":[{"href":"https:\/\/congchunghoankiem.com.vn\/index.php?rest_route=\/wp\/v2\/pages\/26"}],"collection":[{"href":"https:\/\/congchunghoankiem.com.vn\/index.php?rest_route=\/wp\/v2\/pages"}],"about":[{"href":"https:\/\/congchunghoankiem.com.vn\/index.php?rest_route=\/wp\/v2\/types\/page"}],"author":[{"embeddable":true,"href":"https:\/\/congchunghoankiem.com.vn\/index.php?rest_route=\/wp\/v2\/users\/1"}],"replies":[{"embeddable":true,"href":"https:\/\/congchunghoankiem.com.vn\/index.php?rest_route=%2Fwp%2Fv2%2Fcomments&post=26"}],"version-history":[{"count":25,"href":"https:\/\/congchunghoankiem.com.vn\/index.php?rest_route=\/wp\/v2\/pages\/26\/revisions"}],"predecessor-version":[{"id":1213,"href":"https:\/\/congchunghoankiem.com.vn\/index.php?rest_route=\/wp\/v2\/pages\/26\/revisions\/1213"}],"wp:attachment":[{"href":"https:\/\/congchunghoankiem.com.vn\/index.php?rest_route=%2Fwp%2Fv2%2Fmedia&parent=26"}],"curies":[{"name":"wp","href":"https:\/\/api.w.org\/{rel}","templated":true}]}}