{"id":476,"date":"2022-07-03T10:20:07","date_gmt":"2022-07-03T03:20:07","guid":{"rendered":"https:\/\/congchunghoankiem.com.vn\/?page_id=476"},"modified":"2022-09-04T23:54:00","modified_gmt":"2022-09-04T16:54:00","slug":"huong-dan-thu-tuc","status":"publish","type":"page","link":"https:\/\/congchunghoankiem.com.vn\/?page_id=476","title":{"rendered":"H\u01b0\u1edbng d\u1eabn th\u1ee7 t\u1ee5c"},"content":{"rendered":"\t\t<div data-elementor-type=\"wp-page\" data-elementor-id=\"476\" class=\"elementor elementor-476\">\n\t\t\t\t\t\t\t\t\t<section class=\"elementor-section elementor-top-section elementor-element elementor-element-2ab0659 elementor-section-full_width elementor-section-stretched elementor-section-height-default elementor-section-height-default\" data-id=\"2ab0659\" data-element_type=\"section\" data-settings=\"{&quot;background_background&quot;:&quot;classic&quot;,&quot;stretch_section&quot;:&quot;section-stretched&quot;}\">\n\t\t\t\t\t\t<div class=\"elementor-container elementor-column-gap-default\">\n\t\t\t\t\t<div class=\"elementor-column elementor-col-100 elementor-top-column elementor-element elementor-element-a252569\" data-id=\"a252569\" data-element_type=\"column\">\n\t\t\t<div class=\"elementor-widget-wrap elementor-element-populated\">\n\t\t\t\t\t\t\t\t<div class=\"elementor-element elementor-element-f0fd24f elementor-widget__width-inherit elementor-widget elementor-widget-image\" data-id=\"f0fd24f\" data-element_type=\"widget\" data-widget_type=\"image.default\">\n\t\t\t\t<div class=\"elementor-widget-container\">\n\t\t\t<style>\/*! elementor - v3.6.3 - 12-04-2022 *\/\n.elementor-widget-image{text-align:center}.elementor-widget-image a{display:inline-block}.elementor-widget-image a img[src$=\".svg\"]{width:48px}.elementor-widget-image img{vertical-align:middle;display:inline-block}<\/style>\t\t\t\t\t\t\t\t\t\t\t\t<img loading=\"lazy\" decoding=\"async\" width=\"1920\" height=\"356\" src=\"https:\/\/congchunghoankiem.com.vn\/wp-content\/uploads\/2022\/09\/VPCC_Page_Banner_HDTT2.png\" class=\"attachment-full size-full\" alt=\"\" srcset=\"https:\/\/congchunghoankiem.com.vn\/wp-content\/uploads\/2022\/09\/VPCC_Page_Banner_HDTT2.png 1920w, https:\/\/congchunghoankiem.com.vn\/wp-content\/uploads\/2022\/09\/VPCC_Page_Banner_HDTT2-300x56.png 300w, https:\/\/congchunghoankiem.com.vn\/wp-content\/uploads\/2022\/09\/VPCC_Page_Banner_HDTT2-1024x190.png 1024w, https:\/\/congchunghoankiem.com.vn\/wp-content\/uploads\/2022\/09\/VPCC_Page_Banner_HDTT2-768x142.png 768w, https:\/\/congchunghoankiem.com.vn\/wp-content\/uploads\/2022\/09\/VPCC_Page_Banner_HDTT2-1536x285.png 1536w, https:\/\/congchunghoankiem.com.vn\/wp-content\/uploads\/2022\/09\/VPCC_Page_Banner_HDTT2-260x48.png 260w, https:\/\/congchunghoankiem.com.vn\/wp-content\/uploads\/2022\/09\/VPCC_Page_Banner_HDTT2-50x9.png 50w, https:\/\/congchunghoankiem.com.vn\/wp-content\/uploads\/2022\/09\/VPCC_Page_Banner_HDTT2-150x28.png 150w\" sizes=\"(max-width: 1920px) 100vw, 1920px\" \/>\t\t\t\t\t\t\t\t\t\t\t\t\t\t\t<\/div>\n\t\t\t\t<\/div>\n\t\t\t\t\t<\/div>\n\t\t<\/div>\n\t\t\t\t\t\t\t<\/div>\n\t\t<\/section>\n\t\t\t\t<section class=\"elementor-section elementor-top-section elementor-element elementor-element-488d2e3 elementor-section-boxed elementor-section-height-default elementor-section-height-default\" data-id=\"488d2e3\" data-element_type=\"section\">\n\t\t\t\t\t\t<div class=\"elementor-container elementor-column-gap-default\">\n\t\t\t\t\t<div class=\"elementor-column elementor-col-100 elementor-top-column elementor-element elementor-element-526d0f2\" data-id=\"526d0f2\" data-element_type=\"column\">\n\t\t\t<div class=\"elementor-widget-wrap elementor-element-populated\">\n\t\t\t\t\t\t\t\t<div class=\"elementor-element elementor-element-590cbbc elementor-widget elementor-widget-heading\" data-id=\"590cbbc\" data-element_type=\"widget\" data-widget_type=\"heading.default\">\n\t\t\t\t<div class=\"elementor-widget-container\">\n\t\t\t<style>\/*! elementor - v3.6.3 - 12-04-2022 *\/\n.elementor-heading-title{padding:0;margin:0;line-height:1}.elementor-widget-heading .elementor-heading-title[class*=elementor-size-]>a{color:inherit;font-size:inherit;line-height:inherit}.elementor-widget-heading .elementor-heading-title.elementor-size-small{font-size:15px}.elementor-widget-heading .elementor-heading-title.elementor-size-medium{font-size:19px}.elementor-widget-heading .elementor-heading-title.elementor-size-large{font-size:29px}.elementor-widget-heading .elementor-heading-title.elementor-size-xl{font-size:39px}.elementor-widget-heading .elementor-heading-title.elementor-size-xxl{font-size:59px}<\/style><h2 class=\"elementor-heading-title elementor-size-default\">H\u01af\u1edaNG D\u1eaaN TH\u1ee6 T\u1ee4C<\/h2>\t\t<\/div>\n\t\t\t\t<\/div>\n\t\t\t\t\t<\/div>\n\t\t<\/div>\n\t\t\t\t\t\t\t<\/div>\n\t\t<\/section>\n\t\t\t\t<section class=\"elementor-section elementor-top-section elementor-element elementor-element-6939d0d elementor-section-boxed elementor-section-height-default elementor-section-height-default\" data-id=\"6939d0d\" data-element_type=\"section\">\n\t\t\t\t\t\t<div class=\"elementor-container elementor-column-gap-default\">\n\t\t\t\t\t<div class=\"elementor-column elementor-col-100 elementor-top-column elementor-element elementor-element-774955d\" data-id=\"774955d\" data-element_type=\"column\">\n\t\t\t<div class=\"elementor-widget-wrap elementor-element-populated\">\n\t\t\t\t\t\t\t\t<div class=\"elementor-element elementor-element-5fbf2da elementor-widget elementor-widget-template\" data-id=\"5fbf2da\" data-element_type=\"widget\" data-widget_type=\"template.default\">\n\t\t\t\t<div class=\"elementor-widget-container\">\n\t\t\t\t\t<div class=\"elementor-template\">\n\t\t\t\t\t<div data-elementor-type=\"section\" data-elementor-id=\"1214\" class=\"elementor elementor-1214\">\n\t\t\t\t\t\t\t\t<section class=\"elementor-section elementor-top-section elementor-element elementor-element-1986858 elementor-section-boxed elementor-section-height-default elementor-section-height-default\" data-id=\"1986858\" data-element_type=\"section\">\n\t\t\t\t\t\t<div class=\"elementor-container elementor-column-gap-default\">\n\t\t\t\t\t<div class=\"elementor-column elementor-col-100 elementor-top-column elementor-element elementor-element-5665d4c\" data-id=\"5665d4c\" data-element_type=\"column\">\n\t\t\t<div class=\"elementor-widget-wrap elementor-element-populated\">\n\t\t\t\t\t\t\t\t<div class=\"elementor-element elementor-element-8bcbdea elementor-posts--thumbnail-none elementor-grid-3 elementor-grid-tablet-2 elementor-grid-mobile-1 elementor-widget elementor-widget-posts\" data-id=\"8bcbdea\" data-element_type=\"widget\" data-settings=\"{&quot;pagination_type&quot;:&quot;load_more_infinite_scroll&quot;,&quot;classic_row_gap&quot;:{&quot;unit&quot;:&quot;px&quot;,&quot;size&quot;:38,&quot;sizes&quot;:[]},&quot;classic_columns&quot;:&quot;3&quot;,&quot;classic_columns_tablet&quot;:&quot;2&quot;,&quot;classic_columns_mobile&quot;:&quot;1&quot;,&quot;classic_row_gap_tablet&quot;:{&quot;unit&quot;:&quot;px&quot;,&quot;size&quot;:&quot;&quot;,&quot;sizes&quot;:[]},&quot;classic_row_gap_mobile&quot;:{&quot;unit&quot;:&quot;px&quot;,&quot;size&quot;:&quot;&quot;,&quot;sizes&quot;:[]},&quot;load_more_spinner&quot;:{&quot;value&quot;:&quot;fas fa-spinner&quot;,&quot;library&quot;:&quot;fa-solid&quot;}}\" data-widget_type=\"posts.classic\">\n\t\t\t\t<div class=\"elementor-widget-container\">\n\t\t\t<link rel=\"stylesheet\" href=\"https:\/\/congchunghoankiem.com.vn\/wp-content\/plugins\/elementor-pro\/assets\/css\/widget-posts.min.css\">\t\t<div class=\"elementor-posts-container elementor-posts elementor-posts--skin-classic elementor-grid\">\n\t\t\t\t<article class=\"elementor-post elementor-grid-item post-694 post type-post status-publish format-standard has-post-thumbnail hentry category-huong-dan-thu-tuc\">\n\t\t\t\t<div class=\"elementor-post__text\">\n\t\t\t\t<h3 class=\"elementor-post__title\">\n\t\t\t<a href=\"https:\/\/congchunghoankiem.com.vn\/?p=694\" >\n\t\t\t\tTh\u1ee7 t\u1ee5c H\u1ee3p \u0111\u1ed3ng u\u1ef7 quy\u1ec1n\t\t\t<\/a>\n\t\t<\/h3>\n\t\t\t\t<div class=\"elementor-post__excerpt\">\n\t\t\t<p>Th\u1ee7 t\u1ee5c H\u1ee3p \u0111\u1ed3ng u\u1ef7 quy\u1ec1n<\/p>\n\t\t<\/div>\n\t\t\t\t<\/div>\n\t\t\t\t<\/article>\n\t\t\t\t<article class=\"elementor-post elementor-grid-item post-691 post type-post status-publish format-standard has-post-thumbnail hentry category-huong-dan-thu-tuc\">\n\t\t\t\t<div class=\"elementor-post__text\">\n\t\t\t\t<h3 class=\"elementor-post__title\">\n\t\t\t<a href=\"https:\/\/congchunghoankiem.com.vn\/?p=691\" >\n\t\t\t\tTh\u1ee7 t\u1ee5c v\u0103n b\u1ea3n khai nh\u1eadn ho\u1eb7c ph\u00e2n chia di s\u1ea3n th\u1eeba k\u1ebf\t\t\t<\/a>\n\t\t<\/h3>\n\t\t\t\t<div class=\"elementor-post__excerpt\">\n\t\t\t<p>Th\u1ee7 t\u1ee5c khai nh\u1eadn Di s\u1ea3n th\u1eeba k\u1ebf<\/p>\n\t\t<\/div>\n\t\t\t\t<\/div>\n\t\t\t\t<\/article>\n\t\t\t\t<article class=\"elementor-post elementor-grid-item post-688 post type-post status-publish format-standard has-post-thumbnail hentry category-huong-dan-thu-tuc\">\n\t\t\t\t<div class=\"elementor-post__text\">\n\t\t\t\t<h3 class=\"elementor-post__title\">\n\t\t\t<a href=\"https:\/\/congchunghoankiem.com.vn\/?p=688\" >\n\t\t\t\tThu\u0309 tu\u0323c chuy\u00ea\u0309n di\u0323ch quy\u00ea\u0300n s\u01a1\u0309 h\u01b0\u0303u nha\u0300 \u01a1\u0309 va\u0300 quy\u00ea\u0300n s\u01b0\u0309 du\u0323ng \u0111\u00e2\u0301t \u01a1\u0309\t\t\t<\/a>\n\t\t<\/h3>\n\t\t\t\t<div class=\"elementor-post__excerpt\">\n\t\t\t<p>Th\u1ee7 t\u1ee5c chuy\u1ec3n nh\u01b0\u1ee3ng QSHNO v\u00e0 QSD\u0110O<\/p>\n\t\t<\/div>\n\t\t\t\t<\/div>\n\t\t\t\t<\/article>\n\t\t\t\t<article class=\"elementor-post elementor-grid-item post-685 post type-post status-publish format-standard has-post-thumbnail hentry category-huong-dan-thu-tuc\">\n\t\t\t\t<div class=\"elementor-post__text\">\n\t\t\t\t<h3 class=\"elementor-post__title\">\n\t\t\t<a href=\"https:\/\/congchunghoankiem.com.vn\/?p=685\" >\n\t\t\t\tThu\u0309 tu\u0323c c\u00e2\u0300m c\u00f4\u0301, th\u00ea\u0301 ch\u00e2\u0301p, ba\u0309o la\u0303nh T\u00e0i s\u1ea3n\t\t\t<\/a>\n\t\t<\/h3>\n\t\t\t\t<div class=\"elementor-post__excerpt\">\n\t\t\t<p>Th\u1ee7 t\u1ee5c c\u1ea7m c\u1ed1, th\u1ebf ch\u1ea5p, b\u1ea3o l\u00e3nh T\u00e0i s\u1ea3n<\/p>\n\t\t<\/div>\n\t\t\t\t<\/div>\n\t\t\t\t<\/article>\n\t\t\t\t<article class=\"elementor-post elementor-grid-item post-682 post type-post status-publish format-standard has-post-thumbnail hentry category-huong-dan-thu-tuc\">\n\t\t\t\t<div class=\"elementor-post__text\">\n\t\t\t\t<h3 class=\"elementor-post__title\">\n\t\t\t<a href=\"https:\/\/congchunghoankiem.com.vn\/?p=682\" >\n\t\t\t\tThu\u0309 tu\u0323c mua b\u00e1n xe, ta\u0300u bi\u00ea\u0309n, ta\u0300u s\u00f4ng va\u0300 ca\u0301c ph\u01b0\u01a1ng ti\u00ea\u0323n \u0111\u01b0\u01a1\u0300ng thuy\u0309 kha\u0301c\t\t\t<\/a>\n\t\t<\/h3>\n\t\t\t\t<div class=\"elementor-post__excerpt\">\n\t\t\t<p>Th\u1ee7 t\u1ee5c mua b\u00e1n xe, t\u00e0u bi\u1ec3n, t\u00e0u s\u00f4ng v\u00e0 c\u00e1c ph\u01b0\u01a1ng ti\u1ec7n \u0111\u01b0\u1eddng thu\u1ef7 kh\u00e1c<\/p>\n\t\t<\/div>\n\t\t\t\t<\/div>\n\t\t\t\t<\/article>\n\t\t\t\t<article class=\"elementor-post elementor-grid-item post-173 post type-post status-publish format-standard has-post-thumbnail hentry category-huong-dan-thu-tuc\">\n\t\t\t\t<div class=\"elementor-post__text\">\n\t\t\t\t<h3 class=\"elementor-post__title\">\n\t\t\t<a href=\"https:\/\/congchunghoankiem.com.vn\/?p=173\" >\n\t\t\t\tTri\u0300nh t\u01b0\u0323 thu\u0309 tu\u0323c thu\u00ea nha\u0300\t\t\t<\/a>\n\t\t<\/h3>\n\t\t\t\t<div class=\"elementor-post__excerpt\">\n\t\t\t<p>Tri\u0300nh t\u01b0\u0323 thu\u0309 tu\u0323c thu\u00ea nha\u0300<\/p>\n\t\t<\/div>\n\t\t\t\t<\/div>\n\t\t\t\t<\/article>\n\t\t\t\t<\/div>\n\n\n\t\t\t\t\t<span class=\"e-load-more-spinner\">\n\t\t\t\t<i aria-hidden=\"true\" class=\"fas fa-spinner\"><\/i>\t\t\t<\/span>\n\t\t\n\t\t\t\t<div class=\"e-load-more-anchor\" data-page=\"1\" data-max-page=\"2\" data-next-page=\"https:\/\/congchunghoankiem.com.vn\/index.php?rest_route=%2Fwp%2Fv2%2Fpages%2F476&#038;paged=2\"><\/div>\n\t\t\t\t<div class=\"e-load-more-message\">No more posts to show<\/div>\n\t\t\t\t<\/div>\n\t\t\t\t<\/div>\n\t\t\t\t\t<\/div>\n\t\t<\/div>\n\t\t\t\t\t\t\t<\/div>\n\t\t<\/section>\n\t\t\t\t\t\t<\/div>\n\t\t\t\t<\/div>\n\t\t\t\t<\/div>\n\t\t\t\t<\/div>\n\t\t\t\t\t<\/div>\n\t\t<\/div>\n\t\t\t\t\t\t\t<\/div>\n\t\t<\/section>\n\t\t\t\t\t\t\t<\/div>\n\t\t","protected":false},"excerpt":{"rendered":"<p>H\u01af\u1edaNG D\u1eaaN TH\u1ee6 T\u1ee4C<\/p>\n","protected":false},"author":1,"featured_media":0,"parent":0,"menu_order":0,"comment_status":"closed","ping_status":"closed","template":"","meta":{"footnotes":""},"acf":false,"_links":{"self":[{"href":"https:\/\/congchunghoankiem.com.vn\/index.php?rest_route=\/wp\/v2\/pages\/476"}],"collection":[{"href":"https:\/\/congchunghoankiem.com.vn\/index.php?rest_route=\/wp\/v2\/pages"}],"about":[{"href":"https:\/\/congchunghoankiem.com.vn\/index.php?rest_route=\/wp\/v2\/types\/page"}],"author":[{"embeddable":true,"href":"https:\/\/congchunghoankiem.com.vn\/index.php?rest_route=\/wp\/v2\/users\/1"}],"replies":[{"embeddable":true,"href":"https:\/\/congchunghoankiem.com.vn\/index.php?rest_route=%2Fwp%2Fv2%2Fcomments&post=476"}],"version-history":[{"count":65,"href":"https:\/\/congchunghoankiem.com.vn\/index.php?rest_route=\/wp\/v2\/pages\/476\/revisions"}],"predecessor-version":[{"id":1234,"href":"https:\/\/congchunghoankiem.com.vn\/index.php?rest_route=\/wp\/v2\/pages\/476\/revisions\/1234"}],"wp:attachment":[{"href":"https:\/\/congchunghoankiem.com.vn\/index.php?rest_route=%2Fwp%2Fv2%2Fmedia&parent=476"}],"curies":[{"name":"wp","href":"https:\/\/api.w.org\/{rel}","templated":true}]}}