{"id":478,"date":"2022-07-03T10:20:26","date_gmt":"2022-07-03T03:20:26","guid":{"rendered":"https:\/\/congchunghoankiem.com.vn\/?page_id=478"},"modified":"2022-09-04T23:54:48","modified_gmt":"2022-09-04T16:54:48","slug":"hoi-dap","status":"publish","type":"page","link":"https:\/\/congchunghoankiem.com.vn\/?page_id=478","title":{"rendered":"H\u1ecfi \u0111\u00e1p"},"content":{"rendered":"\t\t<div data-elementor-type=\"wp-page\" data-elementor-id=\"478\" class=\"elementor elementor-478\">\n\t\t\t\t\t\t\t\t\t<section class=\"elementor-section elementor-top-section elementor-element elementor-element-e6b7f81 elementor-section-full_width elementor-section-stretched elementor-section-height-default elementor-section-height-default\" data-id=\"e6b7f81\" data-element_type=\"section\" data-settings=\"{&quot;background_background&quot;:&quot;classic&quot;,&quot;stretch_section&quot;:&quot;section-stretched&quot;}\">\n\t\t\t\t\t\t<div class=\"elementor-container elementor-column-gap-default\">\n\t\t\t\t\t<div class=\"elementor-column elementor-col-100 elementor-top-column elementor-element elementor-element-5738101\" data-id=\"5738101\" data-element_type=\"column\">\n\t\t\t<div class=\"elementor-widget-wrap elementor-element-populated\">\n\t\t\t\t\t\t\t\t<div class=\"elementor-element elementor-element-1030bf4 elementor-widget__width-inherit elementor-widget elementor-widget-image\" data-id=\"1030bf4\" data-element_type=\"widget\" data-widget_type=\"image.default\">\n\t\t\t\t<div class=\"elementor-widget-container\">\n\t\t\t<style>\/*! elementor - v3.6.3 - 12-04-2022 *\/\n.elementor-widget-image{text-align:center}.elementor-widget-image a{display:inline-block}.elementor-widget-image a img[src$=\".svg\"]{width:48px}.elementor-widget-image img{vertical-align:middle;display:inline-block}<\/style>\t\t\t\t\t\t\t\t\t\t\t\t<img loading=\"lazy\" decoding=\"async\" width=\"1920\" height=\"628\" src=\"https:\/\/congchunghoankiem.com.vn\/wp-content\/uploads\/2022\/07\/logo_1645166697.jpg\" class=\"attachment-full size-full\" alt=\"\" srcset=\"https:\/\/congchunghoankiem.com.vn\/wp-content\/uploads\/2022\/07\/logo_1645166697.jpg 1920w, https:\/\/congchunghoankiem.com.vn\/wp-content\/uploads\/2022\/07\/logo_1645166697-300x98.jpg 300w, https:\/\/congchunghoankiem.com.vn\/wp-content\/uploads\/2022\/07\/logo_1645166697-1024x335.jpg 1024w, https:\/\/congchunghoankiem.com.vn\/wp-content\/uploads\/2022\/07\/logo_1645166697-768x251.jpg 768w, https:\/\/congchunghoankiem.com.vn\/wp-content\/uploads\/2022\/07\/logo_1645166697-1536x502.jpg 1536w, https:\/\/congchunghoankiem.com.vn\/wp-content\/uploads\/2022\/07\/logo_1645166697-260x85.jpg 260w, https:\/\/congchunghoankiem.com.vn\/wp-content\/uploads\/2022\/07\/logo_1645166697-50x16.jpg 50w, https:\/\/congchunghoankiem.com.vn\/wp-content\/uploads\/2022\/07\/logo_1645166697-150x49.jpg 150w\" sizes=\"(max-width: 1920px) 100vw, 1920px\" \/>\t\t\t\t\t\t\t\t\t\t\t\t\t\t\t<\/div>\n\t\t\t\t<\/div>\n\t\t\t\t\t<\/div>\n\t\t<\/div>\n\t\t\t\t\t\t\t<\/div>\n\t\t<\/section>\n\t\t\t\t<section class=\"elementor-section elementor-top-section elementor-element elementor-element-7077bee elementor-section-boxed elementor-section-height-default elementor-section-height-default\" data-id=\"7077bee\" data-element_type=\"section\">\n\t\t\t\t\t\t<div class=\"elementor-container elementor-column-gap-default\">\n\t\t\t\t\t<div class=\"elementor-column elementor-col-66 elementor-top-column elementor-element elementor-element-fc95d85\" data-id=\"fc95d85\" data-element_type=\"column\">\n\t\t\t<div class=\"elementor-widget-wrap elementor-element-populated\">\n\t\t\t\t\t\t\t\t<div class=\"elementor-element elementor-element-caea96c elementor-grid-1 elementor-posts--thumbnail-none elementor-grid-tablet-1 elementor-grid-mobile-1 elementor-widget elementor-widget-posts\" data-id=\"caea96c\" data-element_type=\"widget\" data-settings=\"{&quot;classic_columns&quot;:&quot;1&quot;,&quot;pagination_type&quot;:&quot;numbers_and_prev_next&quot;,&quot;classic_columns_tablet&quot;:&quot;1&quot;,&quot;classic_columns_mobile&quot;:&quot;1&quot;,&quot;classic_row_gap&quot;:{&quot;unit&quot;:&quot;px&quot;,&quot;size&quot;:35,&quot;sizes&quot;:[]},&quot;classic_row_gap_tablet&quot;:{&quot;unit&quot;:&quot;px&quot;,&quot;size&quot;:&quot;&quot;,&quot;sizes&quot;:[]},&quot;classic_row_gap_mobile&quot;:{&quot;unit&quot;:&quot;px&quot;,&quot;size&quot;:&quot;&quot;,&quot;sizes&quot;:[]}}\" data-widget_type=\"posts.classic\">\n\t\t\t\t<div class=\"elementor-widget-container\">\n\t\t\t<link rel=\"stylesheet\" href=\"https:\/\/congchunghoankiem.com.vn\/wp-content\/plugins\/elementor-pro\/assets\/css\/widget-posts.min.css\">\t\t<div class=\"elementor-posts-container elementor-posts elementor-posts--skin-classic elementor-grid\">\n\t\t\t\t<article class=\"elementor-post elementor-grid-item post-186 post type-post status-publish format-standard hentry category-hoi-dap\">\n\t\t\t\t<div class=\"elementor-post__text\">\n\t\t\t\t<h3 class=\"elementor-post__title\">\n\t\t\t<a href=\"https:\/\/congchunghoankiem.com.vn\/?p=186\" >\n\t\t\t\tG\u00f3p v\u1ed1n b\u1eb1ng quy\u1ec1n s\u1eed d\u1ee5ng \u0111\u1ea5t\t\t\t<\/a>\n\t\t<\/h3>\n\t\t\t\t<div class=\"elementor-post__meta-data\">\n\t\t\t\t\t<span class=\"elementor-post-date\">\n\t\t\t29 Th\u00e1ng S\u00e1u, 2022\t\t<\/span>\n\t\t\t\t<\/div>\n\t\t\t\t<div class=\"elementor-post__excerpt\">\n\t\t\t<p>H\u1ecfi:T\u00f4i v\u00e0 hai ng\u01b0\u1eddi b\u1ea1n th\u00e0nh l\u1eadp Cty CP v\u1ec1 \u0111\u1ea7u t\u01b0 kinh doanh b\u1ea5t \u0111\u1ed9ng s\u1ea3n. T\u00f4i c\u00f3 200m2 \u0111\u1ea5t \u0111\u01b0\u1ee3c h\u01b0\u1edfng th\u1eeba k\u1ebf do<\/p>\n\t\t<\/div>\n\t\t\t\t\t<a class=\"elementor-post__read-more\" href=\"https:\/\/congchunghoankiem.com.vn\/?p=186\" >\n\t\t\t\tChi ti\u1ebft \u00bb\t\t\t<\/a>\n\t\t\t\t<\/div>\n\t\t\t\t<\/article>\n\t\t\t\t<article class=\"elementor-post elementor-grid-item post-184 post type-post status-publish format-standard hentry category-hoi-dap\">\n\t\t\t\t<div class=\"elementor-post__text\">\n\t\t\t\t<h3 class=\"elementor-post__title\">\n\t\t\t<a href=\"https:\/\/congchunghoankiem.com.vn\/?p=184\" >\n\t\t\t\tCh\u1ee9ng th\u1ef1c khi t\u1eb7ng cho t\u00e0i s\u1ea3n\t\t\t<\/a>\n\t\t<\/h3>\n\t\t\t\t<div class=\"elementor-post__meta-data\">\n\t\t\t\t\t<span class=\"elementor-post-date\">\n\t\t\t29 Th\u00e1ng S\u00e1u, 2022\t\t<\/span>\n\t\t\t\t<\/div>\n\t\t\t\t<div class=\"elementor-post__excerpt\">\n\t\t\t<p>H\u1ecfi:T\u00f4i mu\u1ed1n cho con g\u00e1i \u0111\u1ee9ng t\u00ean trong Gi\u1ea5y ch\u1ee9ng nh\u1eadn quy\u1ec1n s\u1edf h\u1eefu nh\u00e0 \u1edf c\u1ea3u v\u1ee3 ch\u1ed3ng t\u00f4i. Nh\u01b0ng khi t\u00f4i \u0111\u1ebfn UBND ph\u01b0\u1eddng<\/p>\n\t\t<\/div>\n\t\t\t\t\t<a class=\"elementor-post__read-more\" href=\"https:\/\/congchunghoankiem.com.vn\/?p=184\" >\n\t\t\t\tChi ti\u1ebft \u00bb\t\t\t<\/a>\n\t\t\t\t<\/div>\n\t\t\t\t<\/article>\n\t\t\t\t<article class=\"elementor-post elementor-grid-item post-182 post type-post status-publish format-standard hentry category-hoi-dap\">\n\t\t\t\t<div class=\"elementor-post__text\">\n\t\t\t\t<h3 class=\"elementor-post__title\">\n\t\t\t<a href=\"https:\/\/congchunghoankiem.com.vn\/?p=182\" >\n\t\t\t\tQuy\u1ec1n th\u1eeba k\u1ebf t\u00e0i s\u1ea3n khi b\u1ed1 m\u1eb9 ch\u1ebft kh\u00f4ng c\u00f3 di ch\u00fac?\t\t\t<\/a>\n\t\t<\/h3>\n\t\t\t\t<div class=\"elementor-post__meta-data\">\n\t\t\t\t\t<span class=\"elementor-post-date\">\n\t\t\t29 Th\u00e1ng S\u00e1u, 2022\t\t<\/span>\n\t\t\t\t<\/div>\n\t\t\t\t<div class=\"elementor-post__excerpt\">\n\t\t\t<p>H\u1ecfi:B\u1ed1 m\u1eb9 \u0111\u00e3 m\u1ea5t v\u00e0 kh\u00f4ng c\u00f3 l\u00e0m di ch\u00fac th\u1eeba k\u1ebf c\u0103n nh\u00e0 cho c\u00e1c con. Hi\u1ec7n c\u0103n nh\u00e0 l\u00e0 \u0111\u1ed3ng th\u1eeba k\u1ebf c\u1ee7a t\u1ea5t<\/p>\n\t\t<\/div>\n\t\t\t\t\t<a class=\"elementor-post__read-more\" href=\"https:\/\/congchunghoankiem.com.vn\/?p=182\" >\n\t\t\t\tChi ti\u1ebft \u00bb\t\t\t<\/a>\n\t\t\t\t<\/div>\n\t\t\t\t<\/article>\n\t\t\t\t<article class=\"elementor-post elementor-grid-item post-180 post type-post status-publish format-standard hentry category-hoi-dap\">\n\t\t\t\t<div class=\"elementor-post__text\">\n\t\t\t\t<h3 class=\"elementor-post__title\">\n\t\t\t<a href=\"https:\/\/congchunghoankiem.com.vn\/?p=180\" >\n\t\t\t\tC\u00f3 \u0111\u00f2i \u0111\u01b0\u1ee3c \u0111\u1ea5t khi \u0111\u00e3 cho ng\u01b0\u1eddi kh\u00e1c m\u01b0\u1ee3n?\t\t\t<\/a>\n\t\t<\/h3>\n\t\t\t\t<div class=\"elementor-post__meta-data\">\n\t\t\t\t\t<span class=\"elementor-post-date\">\n\t\t\t29 Th\u00e1ng S\u00e1u, 2022\t\t<\/span>\n\t\t\t\t<\/div>\n\t\t\t\t<div class=\"elementor-post__excerpt\">\n\t\t\t<p>H\u1ecfi:M\u1eb9 t\u00f4i mua \u0111\u1ea5t ru\u1ed9ng t\u1eeb tr\u01b0\u1edbc n\u0103m 1975 sau \u0111\u00f3 m\u1eb9 t\u00f4i cho m\u1ed9t ng\u01b0\u1eddi em h\u1ecd m\u01b0\u1ee3n v\u00e0 s\u01b0e d\u1ee5ng t\u1eeb n\u0103m 1975 \u0111\u1ebfn<\/p>\n\t\t<\/div>\n\t\t\t\t\t<a class=\"elementor-post__read-more\" href=\"https:\/\/congchunghoankiem.com.vn\/?p=180\" >\n\t\t\t\tChi ti\u1ebft \u00bb\t\t\t<\/a>\n\t\t\t\t<\/div>\n\t\t\t\t<\/article>\n\t\t\t\t<article class=\"elementor-post elementor-grid-item post-177 post type-post status-publish format-standard hentry category-hoi-dap\">\n\t\t\t\t<div class=\"elementor-post__text\">\n\t\t\t\t<h3 class=\"elementor-post__title\">\n\t\t\t<a href=\"https:\/\/congchunghoankiem.com.vn\/?p=177\" >\n\t\t\t\tC\u00f3 b\u1ecb thu h\u1ed3i s\u1ed5 \u0111\u1ecf\t\t\t<\/a>\n\t\t<\/h3>\n\t\t\t\t<div class=\"elementor-post__meta-data\">\n\t\t\t\t\t<span class=\"elementor-post-date\">\n\t\t\t29 Th\u00e1ng S\u00e1u, 2022\t\t<\/span>\n\t\t\t\t<\/div>\n\t\t\t\t<div class=\"elementor-post__excerpt\">\n\t\t\t<p>H\u1ecfi:T\u00f4i nh\u1eadn chuy\u1ec3n nh\u01b0\u1ee3ng m\u1ed9t l\u00f4 \u0111\u1ea5t c\u00f3 l\u00e0m \u0111\u1ea7y \u0111\u1ee7 th\u1ee7 t\u1ee5c h\u1ee3p ph\u00e1p theo quy \u0111\u1ecbnh c\u1ee7a ph\u00e1p lu\u1eadt v\u00e0 t\u00f4i \u0111\u00e3 \u0111\u01b0\u1ee3c c\u1ea5p<\/p>\n\t\t<\/div>\n\t\t\t\t\t<a class=\"elementor-post__read-more\" href=\"https:\/\/congchunghoankiem.com.vn\/?p=177\" >\n\t\t\t\tChi ti\u1ebft \u00bb\t\t\t<\/a>\n\t\t\t\t<\/div>\n\t\t\t\t<\/article>\n\t\t\t\t<\/div>\n\n\n\t\t\n\t\t\t\t<\/div>\n\t\t\t\t<\/div>\n\t\t\t\t\t<\/div>\n\t\t<\/div>\n\t\t\t\t<div class=\"elementor-column elementor-col-33 elementor-top-column elementor-element elementor-element-8e0bfdb\" data-id=\"8e0bfdb\" data-element_type=\"column\">\n\t\t\t<div class=\"elementor-widget-wrap elementor-element-populated\">\n\t\t\t\t\t\t\t\t<div class=\"elementor-element elementor-element-2cdd777 elementor-widget elementor-widget-heading\" data-id=\"2cdd777\" data-element_type=\"widget\" data-widget_type=\"heading.default\">\n\t\t\t\t<div class=\"elementor-widget-container\">\n\t\t\t<style>\/*! elementor - v3.6.3 - 12-04-2022 *\/\n.elementor-heading-title{padding:0;margin:0;line-height:1}.elementor-widget-heading .elementor-heading-title[class*=elementor-size-]>a{color:inherit;font-size:inherit;line-height:inherit}.elementor-widget-heading .elementor-heading-title.elementor-size-small{font-size:15px}.elementor-widget-heading .elementor-heading-title.elementor-size-medium{font-size:19px}.elementor-widget-heading .elementor-heading-title.elementor-size-large{font-size:29px}.elementor-widget-heading .elementor-heading-title.elementor-size-xl{font-size:39px}.elementor-widget-heading .elementor-heading-title.elementor-size-xxl{font-size:59px}<\/style><h2 class=\"elementor-heading-title elementor-size-default\">Tin t\u1ee9c<\/h2>\t\t<\/div>\n\t\t\t\t<\/div>\n\t\t\t\t<div class=\"elementor-element elementor-element-04ba6d6 elementor-widget elementor-widget-image\" data-id=\"04ba6d6\" data-element_type=\"widget\" data-widget_type=\"image.default\">\n\t\t\t\t<div class=\"elementor-widget-container\">\n\t\t\t\t\t\t\t\t\t\t\t\t\t\t\t\t<a href=\"\/?page_id=474\">\n\t\t\t\t\t\t\t<img loading=\"lazy\" decoding=\"async\" width=\"600\" height=\"400\" src=\"https:\/\/congchunghoankiem.com.vn\/wp-content\/uploads\/2022\/06\/notary-legal-min-3-600x400-1.jpg\" class=\"attachment-large size-large\" alt=\"\" srcset=\"https:\/\/congchunghoankiem.com.vn\/wp-content\/uploads\/2022\/06\/notary-legal-min-3-600x400-1.jpg 600w, https:\/\/congchunghoankiem.com.vn\/wp-content\/uploads\/2022\/06\/notary-legal-min-3-600x400-1-300x200.jpg 300w, https:\/\/congchunghoankiem.com.vn\/wp-content\/uploads\/2022\/06\/notary-legal-min-3-600x400-1-219x146.jpg 219w, https:\/\/congchunghoankiem.com.vn\/wp-content\/uploads\/2022\/06\/notary-legal-min-3-600x400-1-50x33.jpg 50w, https:\/\/congchunghoankiem.com.vn\/wp-content\/uploads\/2022\/06\/notary-legal-min-3-600x400-1-113x75.jpg 113w\" sizes=\"(max-width: 600px) 100vw, 600px\" \/>\t\t\t\t\t\t\t\t<\/a>\n\t\t\t\t\t\t\t\t\t\t\t\t\t\t\t<\/div>\n\t\t\t\t<\/div>\n\t\t\t\t<div class=\"elementor-element elementor-element-e9427a3 elementor-widget elementor-widget-heading\" data-id=\"e9427a3\" data-element_type=\"widget\" data-widget_type=\"heading.default\">\n\t\t\t\t<div class=\"elementor-widget-container\">\n\t\t\t<h2 class=\"elementor-heading-title elementor-size-default\">H\u1ed3 s\u01a1 bi\u1ec3u m\u1eabu<\/h2>\t\t<\/div>\n\t\t\t\t<\/div>\n\t\t\t\t<div class=\"elementor-element elementor-element-971cdfc elementor-widget elementor-widget-image\" data-id=\"971cdfc\" data-element_type=\"widget\" data-widget_type=\"image.default\">\n\t\t\t\t<div class=\"elementor-widget-container\">\n\t\t\t\t\t\t\t\t\t\t\t\t\t\t\t\t<a href=\"\/?page_id=480\">\n\t\t\t\t\t\t\t<img loading=\"lazy\" decoding=\"async\" width=\"237\" height=\"213\" src=\"https:\/\/congchunghoankiem.com.vn\/wp-content\/uploads\/2022\/07\/images.jpg\" class=\"attachment-large size-large\" alt=\"\" srcset=\"https:\/\/congchunghoankiem.com.vn\/wp-content\/uploads\/2022\/07\/images.jpg 237w, https:\/\/congchunghoankiem.com.vn\/wp-content\/uploads\/2022\/07\/images-162x146.jpg 162w, https:\/\/congchunghoankiem.com.vn\/wp-content\/uploads\/2022\/07\/images-50x45.jpg 50w, https:\/\/congchunghoankiem.com.vn\/wp-content\/uploads\/2022\/07\/images-83x75.jpg 83w\" sizes=\"(max-width: 237px) 100vw, 237px\" \/>\t\t\t\t\t\t\t\t<\/a>\n\t\t\t\t\t\t\t\t\t\t\t\t\t\t\t<\/div>\n\t\t\t\t<\/div>\n\t\t\t\t<div class=\"elementor-element elementor-element-bb044ae elementor-widget elementor-widget-heading\" data-id=\"bb044ae\" data-element_type=\"widget\" data-widget_type=\"heading.default\">\n\t\t\t\t<div class=\"elementor-widget-container\">\n\t\t\t<h2 class=\"elementor-heading-title elementor-size-default\">H\u01b0\u1edbng d\u1eabn th\u1ee7 t\u1ee5c<\/h2>\t\t<\/div>\n\t\t\t\t<\/div>\n\t\t\t\t<div class=\"elementor-element elementor-element-1bc563f elementor-widget elementor-widget-image\" data-id=\"1bc563f\" data-element_type=\"widget\" data-widget_type=\"image.default\">\n\t\t\t\t<div class=\"elementor-widget-container\">\n\t\t\t\t\t\t\t\t\t\t\t\t\t\t\t\t<a href=\"\/?page_id=476\">\n\t\t\t\t\t\t\t<img loading=\"lazy\" decoding=\"async\" width=\"1024\" height=\"673\" src=\"https:\/\/congchunghoankiem.com.vn\/wp-content\/uploads\/2022\/07\/Required-Documents-to-List-1024x673.png\" class=\"attachment-large size-large\" alt=\"\" srcset=\"https:\/\/congchunghoankiem.com.vn\/wp-content\/uploads\/2022\/07\/Required-Documents-to-List-1024x673.png 1024w, https:\/\/congchunghoankiem.com.vn\/wp-content\/uploads\/2022\/07\/Required-Documents-to-List-300x197.png 300w, https:\/\/congchunghoankiem.com.vn\/wp-content\/uploads\/2022\/07\/Required-Documents-to-List-768x505.png 768w, https:\/\/congchunghoankiem.com.vn\/wp-content\/uploads\/2022\/07\/Required-Documents-to-List-1536x1010.png 1536w, https:\/\/congchunghoankiem.com.vn\/wp-content\/uploads\/2022\/07\/Required-Documents-to-List-2048x1347.png 2048w, https:\/\/congchunghoankiem.com.vn\/wp-content\/uploads\/2022\/07\/Required-Documents-to-List-222x146.png 222w, https:\/\/congchunghoankiem.com.vn\/wp-content\/uploads\/2022\/07\/Required-Documents-to-List-50x33.png 50w, https:\/\/congchunghoankiem.com.vn\/wp-content\/uploads\/2022\/07\/Required-Documents-to-List-114x75.png 114w\" sizes=\"(max-width: 1024px) 100vw, 1024px\" \/>\t\t\t\t\t\t\t\t<\/a>\n\t\t\t\t\t\t\t\t\t\t\t\t\t\t\t<\/div>\n\t\t\t\t<\/div>\n\t\t\t\t\t<\/div>\n\t\t<\/div>\n\t\t\t\t\t\t\t<\/div>\n\t\t<\/section>\n\t\t\t\t\t\t\t<\/div>\n\t\t","protected":false},"excerpt":{"rendered":"<p>Tin t\u1ee9c H\u1ed3 s\u01a1 bi\u1ec3u m\u1eabu H\u01b0\u1edbng d\u1eabn th\u1ee7 t\u1ee5c<\/p>\n","protected":false},"author":1,"featured_media":0,"parent":0,"menu_order":0,"comment_status":"closed","ping_status":"closed","template":"","meta":{"footnotes":""},"acf":false,"_links":{"self":[{"href":"https:\/\/congchunghoankiem.com.vn\/index.php?rest_route=\/wp\/v2\/pages\/478"}],"collection":[{"href":"https:\/\/congchunghoankiem.com.vn\/index.php?rest_route=\/wp\/v2\/pages"}],"about":[{"href":"https:\/\/congchunghoankiem.com.vn\/index.php?rest_route=\/wp\/v2\/types\/page"}],"author":[{"embeddable":true,"href":"https:\/\/congchunghoankiem.com.vn\/index.php?rest_route=\/wp\/v2\/users\/1"}],"replies":[{"embeddable":true,"href":"https:\/\/congchunghoankiem.com.vn\/index.php?rest_route=%2Fwp%2Fv2%2Fcomments&post=478"}],"version-history":[{"count":51,"href":"https:\/\/congchunghoankiem.com.vn\/index.php?rest_route=\/wp\/v2\/pages\/478\/revisions"}],"predecessor-version":[{"id":1236,"href":"https:\/\/congchunghoankiem.com.vn\/index.php?rest_route=\/wp\/v2\/pages\/478\/revisions\/1236"}],"wp:attachment":[{"href":"https:\/\/congchunghoankiem.com.vn\/index.php?rest_route=%2Fwp%2Fv2%2Fmedia&parent=478"}],"curies":[{"name":"wp","href":"https:\/\/api.w.org\/{rel}","templated":true}]}}